{"id":11,"date":"2021-06-13T07:11:52","date_gmt":"2021-06-13T05:11:52","guid":{"rendered":"https:\/\/lieferanten-liste.de\/bahn\/?page_id=11"},"modified":"2021-06-15T06:48:36","modified_gmt":"2021-06-15T04:48:36","slug":"impressum","status":"publish","type":"page","link":"https:\/\/lieferanten-liste.de\/bahn\/impressum\/","title":{"rendered":"Impressum"},"content":{"rendered":"<div >\n<p><img decoding=\"async\" class=\"aligncenter\" src=\"https:\/\/lieferanten-liste.de\/bahn\/wp-content\/uploads\/lieferanten-liste-de-logo-red-white-768x287.jpg\" \/><\/p>\n<\/div>\n<p>&nbsp;<\/p>\n<div class=\"art-postmetadataheader\">\n<h3 class=\"art-postheader entry-title\">IMPRESSUM &gt;&gt;&gt; Lieferanten-Liste.de<\/h3>\n<\/div>\n<div class=\"art-postcontent clearfix\">\n<div class=\"art-postcontent clearfix\">\n<p>&nbsp;<\/p>\n<blockquote>\n<div class=\"insert-page insert-page-104 \" data-post-id=\"104\">\n<h4>IMPRESSUM \/ PFLICHTANGABEN:<\/h4>\n<p>Rechtlich und wirtschaftlich ist f\u00fcr die Inhalte dieser Internetseite verantwortlich:<\/p>\n<p><strong>IFV Service und Beratung GmbH<\/strong><\/p>\n<p><strong>\u2013 Institut f\u00fcr Verb\u00e4ndeberatung \u2013<\/strong><\/p>\n<p>Internet-Homepage:\u00a0<a href=\"https:\/\/www.institut-fuer-verbaendeberatung.de\/\" target=\"_blank\" rel=\"noopener noreferrer\"><strong>www.institut-fuer-verbaendeberatung.de<\/strong><\/a><\/p>\n<p>Handelsregister: Amtsgericht Mainz \u2013 HRB 49743<\/p>\n<p>Firmensitz (Sitz des Gesch\u00e4ftsf\u00fchrers): Steigstra\u00dfe 12, 55296 Gau-Bischofsheim<\/p>\n<p>Verwaltungssitz (Zentralsekretariat im Haus der Verb\u00e4nde): Fregestra\u00dfe 67, 12159 Berlin<\/p>\n<p>Gesch\u00e4ftsf\u00fchrer: Diplom-Volkswirt Eckhard SCHULZ<\/p>\n<p>Steuernummer \/ UID wird auf jeder Rechnung ausgewiesen bzw. auf Anfrage mitgeteilt<\/p>\n<\/div>\n<\/blockquote>\n<p style=\"text-align: right;\"><span style=\"color: #ffffff;\">.<\/span><\/p>\n<hr \/>\n<p style=\"text-align: right;\"><span style=\"color: #ffffff;\">.<\/span><\/p>\n<p style=\"text-align: right;\"><span style=\"color: #ffffff;\"><img decoding=\"async\" loading=\"lazy\" class=\"aligncenter\" src=\"https:\/\/technik-netzwerk.de\/fileserver-zentrale\/www-institut-fuer-verbaendeberatung-de\/ifv-logos\/ifv-institut-1000.png\" width=\"600\" height=\"582\" \/>.<\/span><\/p>\n<hr \/>\n<p style=\"text-align: right;\"><span style=\"color: #ffffff;\">.<\/span><\/p>\n<p>&nbsp;<\/p>\n<\/div>\n<div class=\"art-postmetadataheader\">\n<h3 class=\"art-postheader entry-title\">Rechtliche Hinweise (Legal Disclaimer)<\/h3>\n<\/div>\n<div class=\"art-postcontent clearfix\">\n<p>&nbsp;<\/p>\n<ul>\n<li><strong>Datenschutzerkl\u00e4rung<\/strong>:\u00a0<a href=\"https:\/\/www.institut-fuer-verbaendeberatung.de\/datenschutz.html\" target=\"_blank\" rel=\"noopener noreferrer\">www.institut-fuer-verbaendeberatung.de\/datenschutz.html<\/a><\/li>\n<\/ul>\n<ul>\n<li><strong>Gesch\u00e4ftsbedingungen<\/strong>\u00a0<strong>(AGB)<\/strong>:\u00a0<a href=\"https:\/\/www.ifv-servicegesellschaft.de\/agb.pdf\" target=\"_blank\" rel=\"noopener noreferrer\">www.ifv-servicegesellschaft.de\/agb.pdf<\/a><\/li>\n<\/ul>\n<ul>\n<li><strong>Streitschlichtung: <\/strong>\u201eWir nehmen nicht an einem Streitbeilegungsverfahren vor einer Verbraucherschlichtungsstelle teil.\u201c<\/li>\n<\/ul>\n<ul>\n<li><strong>Haftungsausschluss: <\/strong>\u201eTrotz sorgf\u00e4ltiger inhaltlicher Kontrolle \u00fcbernehmen wir keine Haftung f\u00fcr die Inhalte externer Links. F\u00fcr den Inhalt der verlinkten Seiten sind ausschlie\u00dflich deren Betreiber verantwortlich.\u201c<\/li>\n<\/ul>\n<ul>\n<li><strong>Kontaktaufnahme:<\/strong> Sofern Sie als Rechteinhaber oder als Rechtsanwalt eine \u2013 wie auch immer begr\u00fcndete \u2013 Rechteverletzung vermuten sollten, nutzen Sie folgende M\u00f6glichkeiten zur unmittelbaren und direkten Kontaktaufnahme:<\/li>\n<\/ul>\n<p>\u2013 Telefon: <strong>0176 70094803<\/strong><\/p>\n<p>\u2013 E-Mail: <strong>email@zentralsekretariat.de<\/strong><\/p>\n<\/div>\n<\/div>\n<p><span style=\"color: #ffffff;\">.<\/span><\/p>\n<div class=\"art-postcontent clearfix\">\n<hr \/>\n<p><span style=\"color: #ffffff;\">.<\/span><\/p>\n<\/div>\n<div class=\"art-postcontent clearfix\">\n<div class=\"art-postmetadataheader\"><\/div>\n<\/div>\n<p>&nbsp;<\/p>\n<p>&nbsp;<\/p>\n","protected":false},"excerpt":{"rendered":"<p>&nbsp; IMPRESSUM &gt;&gt;&gt; Lieferanten-Liste.de &nbsp; IMPRESSUM \/ PFLICHTANGABEN: Rechtlich und wirtschaftlich ist f\u00fcr die Inhalte dieser Internetseite verantwortlich: IFV Service und Beratung GmbH \u2013 Institut f\u00fcr Verb\u00e4ndeberatung \u2013 Internet-Homepage:\u00a0www.institut-fuer-verbaendeberatung.de Handelsregister: Amtsgericht Mainz \u2013 HRB 49743 Firmensitz (Sitz des Gesch\u00e4ftsf\u00fchrers): Steigstra\u00dfe 12, 55296 Gau-Bischofsheim Verwaltungssitz (Zentralsekretariat im Haus der Verb\u00e4nde): Fregestra\u00dfe 67, 12159 Berlin Gesch\u00e4ftsf\u00fchrer: Diplom-Volkswirt [&hellip;]<\/p>\n","protected":false},"author":1,"featured_media":0,"parent":0,"menu_order":0,"comment_status":"closed","ping_status":"closed","template":"","meta":[],"categories":[],"tags":[],"_links":{"self":[{"href":"https:\/\/lieferanten-liste.de\/bahn\/wp-json\/wp\/v2\/pages\/11"}],"collection":[{"href":"https:\/\/lieferanten-liste.de\/bahn\/wp-json\/wp\/v2\/pages"}],"about":[{"href":"https:\/\/lieferanten-liste.de\/bahn\/wp-json\/wp\/v2\/types\/page"}],"author":[{"embeddable":true,"href":"https:\/\/lieferanten-liste.de\/bahn\/wp-json\/wp\/v2\/users\/1"}],"replies":[{"embeddable":true,"href":"https:\/\/lieferanten-liste.de\/bahn\/wp-json\/wp\/v2\/comments?post=11"}],"version-history":[{"count":4,"href":"https:\/\/lieferanten-liste.de\/bahn\/wp-json\/wp\/v2\/pages\/11\/revisions"}],"predecessor-version":[{"id":27,"href":"https:\/\/lieferanten-liste.de\/bahn\/wp-json\/wp\/v2\/pages\/11\/revisions\/27"}],"wp:attachment":[{"href":"https:\/\/lieferanten-liste.de\/bahn\/wp-json\/wp\/v2\/media?parent=11"}],"wp:term":[{"taxonomy":"category","embeddable":true,"href":"https:\/\/lieferanten-liste.de\/bahn\/wp-json\/wp\/v2\/categories?post=11"},{"taxonomy":"post_tag","embeddable":true,"href":"https:\/\/lieferanten-liste.de\/bahn\/wp-json\/wp\/v2\/tags?post=11"}],"curies":[{"name":"wp","href":"https:\/\/api.w.org\/{rel}","templated":true}]}}